{"id":579,"date":"2022-06-17T05:55:45","date_gmt":"2022-06-17T05:55:45","guid":{"rendered":"https:\/\/itexpertbf.com\/?page_id=579"},"modified":"2022-06-22T09:46:10","modified_gmt":"2022-06-22T09:46:10","slug":"power-bi","status":"publish","type":"page","link":"https:\/\/itexpertbf.com\/index.php\/power-bi\/","title":{"rendered":"Power BI"},"content":{"rendered":"\t\t<div data-elementor-type=\"wp-page\" data-elementor-id=\"579\" class=\"elementor elementor-579\">\n\t\t\t\t\t\t<section class=\"elementor-section elementor-top-section elementor-element elementor-element-93a4aae elementor-section-boxed elementor-section-height-default elementor-section-height-default\" data-id=\"93a4aae\" data-element_type=\"section\" data-e-type=\"section\">\n\t\t\t\t\t\t<div class=\"elementor-container elementor-column-gap-default\">\n\t\t\t\t\t<div class=\"elementor-column elementor-col-100 elementor-top-column elementor-element elementor-element-66b2572\" data-id=\"66b2572\" data-element_type=\"column\" data-e-type=\"column\">\n\t\t\t<div class=\"elementor-widget-wrap elementor-element-populated\">\n\t\t\t\t\t\t<div class=\"elementor-element elementor-element-8bb55ca elementor-widget-divider--view-line elementor-widget elementor-widget-divider\" data-id=\"8bb55ca\" data-element_type=\"widget\" data-e-type=\"widget\" data-widget_type=\"divider.default\">\n\t\t\t\t<div class=\"elementor-widget-container\">\n\t\t\t\t\t\t\t<div class=\"elementor-divider\">\n\t\t\t<span class=\"elementor-divider-separator\">\n\t\t\t\t\t\t<\/span>\n\t\t<\/div>\n\t\t\t\t\t\t<\/div>\n\t\t\t\t<\/div>\n\t\t\t\t\t<\/div>\n\t\t<\/div>\n\t\t\t\t\t<\/div>\n\t\t<\/section>\n\t\t\t\t<section class=\"elementor-section elementor-top-section elementor-element elementor-element-a2b87f8 elementor-section-boxed elementor-section-height-default elementor-section-height-default\" data-id=\"a2b87f8\" data-element_type=\"section\" data-e-type=\"section\">\n\t\t\t\t\t\t<div class=\"elementor-container elementor-column-gap-default\">\n\t\t\t\t\t<div class=\"elementor-column elementor-col-100 elementor-top-column elementor-element elementor-element-eff0547\" data-id=\"eff0547\" data-element_type=\"column\" data-e-type=\"column\">\n\t\t\t<div class=\"elementor-widget-wrap elementor-element-populated\">\n\t\t\t\t\t\t<div class=\"elementor-element elementor-element-c450d91 elementor-widget elementor-widget-image\" data-id=\"c450d91\" data-element_type=\"widget\" data-e-type=\"widget\" data-widget_type=\"image.default\">\n\t\t\t\t<div class=\"elementor-widget-container\">\n\t\t\t\t\t\t\t\t\t\t\t\t\t\t\t<img fetchpriority=\"high\" decoding=\"async\" width=\"1024\" height=\"293\" src=\"https:\/\/itexpertbf.com\/wp-content\/uploads\/2022\/06\/power_bi-2-1024x293.jpg\" class=\"attachment-large size-large wp-image-702\" alt=\"\" srcset=\"https:\/\/itexpertbf.com\/wp-content\/uploads\/2022\/06\/power_bi-2-1024x293.jpg 1024w, https:\/\/itexpertbf.com\/wp-content\/uploads\/2022\/06\/power_bi-2-300x86.jpg 300w, https:\/\/itexpertbf.com\/wp-content\/uploads\/2022\/06\/power_bi-2-768x219.jpg 768w, https:\/\/itexpertbf.com\/wp-content\/uploads\/2022\/06\/power_bi-2-920x263.jpg 920w, https:\/\/itexpertbf.com\/wp-content\/uploads\/2022\/06\/power_bi-2-230x66.jpg 230w, https:\/\/itexpertbf.com\/wp-content\/uploads\/2022\/06\/power_bi-2-350x100.jpg 350w, https:\/\/itexpertbf.com\/wp-content\/uploads\/2022\/06\/power_bi-2-480x137.jpg 480w, https:\/\/itexpertbf.com\/wp-content\/uploads\/2022\/06\/power_bi-2.jpg 1225w\" sizes=\"(max-width: 1024px) 100vw, 1024px\" \/>\t\t\t\t\t\t\t\t\t\t\t\t\t\t\t<\/div>\n\t\t\t\t<\/div>\n\t\t\t\t\t<\/div>\n\t\t<\/div>\n\t\t\t\t\t<\/div>\n\t\t<\/section>\n\t\t\t\t<section class=\"elementor-section elementor-top-section elementor-element elementor-element-e7261be elementor-section-boxed elementor-section-height-default elementor-section-height-default\" data-id=\"e7261be\" data-element_type=\"section\" data-e-type=\"section\">\n\t\t\t\t\t\t<div class=\"elementor-container elementor-column-gap-default\">\n\t\t\t\t\t<div class=\"elementor-column elementor-col-100 elementor-top-column elementor-element elementor-element-1415602\" data-id=\"1415602\" data-element_type=\"column\" data-e-type=\"column\">\n\t\t\t<div class=\"elementor-widget-wrap elementor-element-populated\">\n\t\t\t\t\t\t<div class=\"elementor-element elementor-element-f4ecfe4 elementor-widget elementor-widget-spacer\" data-id=\"f4ecfe4\" data-element_type=\"widget\" data-e-type=\"widget\" data-widget_type=\"spacer.default\">\n\t\t\t\t<div class=\"elementor-widget-container\">\n\t\t\t\t\t\t\t<div class=\"elementor-spacer\">\n\t\t\t<div class=\"elementor-spacer-inner\"><\/div>\n\t\t<\/div>\n\t\t\t\t\t\t<\/div>\n\t\t\t\t<\/div>\n\t\t\t\t<div class=\"elementor-element elementor-element-5fdd41e elementor-widget elementor-widget-heading\" data-id=\"5fdd41e\" data-element_type=\"widget\" data-e-type=\"widget\" data-widget_type=\"heading.default\">\n\t\t\t\t<div class=\"elementor-widget-container\">\n\t\t\t\t\t<h3 class=\"elementor-heading-title elementor-size-default\">Probl\u00e9matique<\/h3>\t\t\t\t<\/div>\n\t\t\t\t<\/div>\n\t\t\t\t\t<\/div>\n\t\t<\/div>\n\t\t\t\t\t<\/div>\n\t\t<\/section>\n\t\t\t\t<section class=\"elementor-section elementor-top-section elementor-element elementor-element-cf72e0d elementor-section-boxed elementor-section-height-default elementor-section-height-default\" data-id=\"cf72e0d\" data-element_type=\"section\" data-e-type=\"section\">\n\t\t\t\t\t\t<div class=\"elementor-container elementor-column-gap-default\">\n\t\t\t\t\t<div class=\"elementor-column elementor-col-100 elementor-top-column elementor-element elementor-element-afbdf3c\" data-id=\"afbdf3c\" data-element_type=\"column\" data-e-type=\"column\">\n\t\t\t<div class=\"elementor-widget-wrap elementor-element-populated\">\n\t\t\t\t\t\t<div class=\"elementor-element elementor-element-a697942 elementor-widget elementor-widget-heading\" data-id=\"a697942\" data-element_type=\"widget\" data-e-type=\"widget\" data-widget_type=\"heading.default\">\n\t\t\t\t<div class=\"elementor-widget-container\">\n\t\t\t\t\t<span class=\"elementor-heading-title elementor-size-medium\">Dans un grand groupe comme en entreprise , les bases de donnees \u00e0 consulter peuvent contenir des centaines de milliers de lignes voire des millions et nous constatons une enorme perte de temps lorsqu\u2019il s\u2019agit de consulter , d\u2019analyser et de faire parler ses donnees. Surtout quand elles ne sont pas bien maitris\u00e9es. Quelle serait la solution \u00e0 ce probleme ?<\/br><\/br>\n\nBUSINESS INTELLIGENCE :<\/br>\nLa business intelligence est un domaine d\u2019expertise d'analyse de donn\u00e9es afin de faciliter la prise de decision en entreprise.<\/br>\n<br>Power BI: <\/br>\nEtant reconnu comme le leader dans le domaine de la business intelligence par  The Forrester Waves en 2021 et Gartener en mars 2022 , la power bi est une solution de la business intelligence qui vous facilte \u00e0 la fois l\u2019analyse, le traitement, la mod\u00e9lisation, la visualisation et la prise de d\u00e9cision au sein de votre organisation .<\/span>\t\t\t\t<\/div>\n\t\t\t\t<\/div>\n\t\t\t\t\t<\/div>\n\t\t<\/div>\n\t\t\t\t\t<\/div>\n\t\t<\/section>\n\t\t\t\t<section class=\"elementor-section elementor-top-section elementor-element elementor-element-5bdcc2a elementor-section-boxed elementor-section-height-default elementor-section-height-default\" data-id=\"5bdcc2a\" data-element_type=\"section\" data-e-type=\"section\">\n\t\t\t\t\t\t<div class=\"elementor-container elementor-column-gap-default\">\n\t\t\t\t\t<div class=\"elementor-column elementor-col-100 elementor-top-column elementor-element elementor-element-61a1640\" data-id=\"61a1640\" data-element_type=\"column\" data-e-type=\"column\">\n\t\t\t<div class=\"elementor-widget-wrap elementor-element-populated\">\n\t\t\t\t\t\t<div class=\"elementor-element elementor-element-0013f7f elementor-widget elementor-widget-spacer\" data-id=\"0013f7f\" data-element_type=\"widget\" data-e-type=\"widget\" data-widget_type=\"spacer.default\">\n\t\t\t\t<div class=\"elementor-widget-container\">\n\t\t\t\t\t\t\t<div class=\"elementor-spacer\">\n\t\t\t<div class=\"elementor-spacer-inner\"><\/div>\n\t\t<\/div>\n\t\t\t\t\t\t<\/div>\n\t\t\t\t<\/div>\n\t\t\t\t<div class=\"elementor-element elementor-element-f6c9a83 elementor-widget elementor-widget-heading\" data-id=\"f6c9a83\" data-element_type=\"widget\" data-e-type=\"widget\" data-widget_type=\"heading.default\">\n\t\t\t\t<div class=\"elementor-widget-container\">\n\t\t\t\t\t<h3 class=\"elementor-heading-title elementor-size-default\">Les avantages de power bi<\/h3>\t\t\t\t<\/div>\n\t\t\t\t<\/div>\n\t\t\t\t<div class=\"elementor-element elementor-element-21c07c2 elementor-widget elementor-widget-spacer\" data-id=\"21c07c2\" data-element_type=\"widget\" data-e-type=\"widget\" data-widget_type=\"spacer.default\">\n\t\t\t\t<div class=\"elementor-widget-container\">\n\t\t\t\t\t\t\t<div class=\"elementor-spacer\">\n\t\t\t<div class=\"elementor-spacer-inner\"><\/div>\n\t\t<\/div>\n\t\t\t\t\t\t<\/div>\n\t\t\t\t<\/div>\n\t\t\t\t\t<\/div>\n\t\t<\/div>\n\t\t\t\t\t<\/div>\n\t\t<\/section>\n\t\t\t\t<section class=\"elementor-section elementor-top-section elementor-element elementor-element-7b650e5 elementor-section-boxed elementor-section-height-default elementor-section-height-default\" data-id=\"7b650e5\" data-element_type=\"section\" data-e-type=\"section\">\n\t\t\t\t\t\t<div class=\"elementor-container elementor-column-gap-default\">\n\t\t\t\t\t<div class=\"elementor-column elementor-col-100 elementor-top-column elementor-element elementor-element-515ab3c\" data-id=\"515ab3c\" data-element_type=\"column\" data-e-type=\"column\">\n\t\t\t<div class=\"elementor-widget-wrap elementor-element-populated\">\n\t\t\t\t\t\t<div class=\"elementor-element elementor-element-08de40f elementor-widget elementor-widget-heading\" data-id=\"08de40f\" data-element_type=\"widget\" data-e-type=\"widget\" data-widget_type=\"heading.default\">\n\t\t\t\t<div class=\"elementor-widget-container\">\n\t\t\t\t\t<h4 class=\"elementor-heading-title elementor-size-default\"><h4>Facile \u00e0 utiliser grace au tableau de bord et \u00e0 la visualisation de donn\u00e9es<\/h4><\/h4>\t\t\t\t<\/div>\n\t\t\t\t<\/div>\n\t\t\t\t\t<\/div>\n\t\t<\/div>\n\t\t\t\t\t<\/div>\n\t\t<\/section>\n\t\t\t\t<section class=\"elementor-section elementor-top-section elementor-element elementor-element-13bed9e elementor-section-boxed elementor-section-height-default elementor-section-height-default\" data-id=\"13bed9e\" data-element_type=\"section\" data-e-type=\"section\">\n\t\t\t\t\t\t<div class=\"elementor-container elementor-column-gap-default\">\n\t\t\t\t\t<div class=\"elementor-column elementor-col-100 elementor-top-column elementor-element elementor-element-f53ad41\" data-id=\"f53ad41\" data-element_type=\"column\" data-e-type=\"column\">\n\t\t\t<div class=\"elementor-widget-wrap elementor-element-populated\">\n\t\t\t\t\t\t<div class=\"elementor-element elementor-element-7e5c46c elementor-widget elementor-widget-image\" data-id=\"7e5c46c\" data-element_type=\"widget\" data-e-type=\"widget\" data-widget_type=\"image.default\">\n\t\t\t\t<div class=\"elementor-widget-container\">\n\t\t\t\t\t\t\t\t\t\t\t\t\t\t\t<img decoding=\"async\" width=\"1024\" height=\"577\" src=\"https:\/\/itexpertbf.com\/wp-content\/uploads\/2022\/06\/graph-1024x577.png\" class=\"attachment-large size-large wp-image-732\" alt=\"\" srcset=\"https:\/\/itexpertbf.com\/wp-content\/uploads\/2022\/06\/graph-1024x577.png 1024w, https:\/\/itexpertbf.com\/wp-content\/uploads\/2022\/06\/graph-300x169.png 300w, https:\/\/itexpertbf.com\/wp-content\/uploads\/2022\/06\/graph-768x433.png 768w, https:\/\/itexpertbf.com\/wp-content\/uploads\/2022\/06\/graph-920x518.png 920w, https:\/\/itexpertbf.com\/wp-content\/uploads\/2022\/06\/graph-230x130.png 230w, https:\/\/itexpertbf.com\/wp-content\/uploads\/2022\/06\/graph-350x197.png 350w, https:\/\/itexpertbf.com\/wp-content\/uploads\/2022\/06\/graph-480x270.png 480w, https:\/\/itexpertbf.com\/wp-content\/uploads\/2022\/06\/graph.png 1415w\" sizes=\"(max-width: 1024px) 100vw, 1024px\" \/>\t\t\t\t\t\t\t\t\t\t\t\t\t\t\t<\/div>\n\t\t\t\t<\/div>\n\t\t\t\t\t<\/div>\n\t\t<\/div>\n\t\t\t\t\t<\/div>\n\t\t<\/section>\n\t\t\t\t<section class=\"elementor-section elementor-top-section elementor-element elementor-element-c7eb5f9 elementor-section-boxed elementor-section-height-default elementor-section-height-default\" data-id=\"c7eb5f9\" data-element_type=\"section\" data-e-type=\"section\">\n\t\t\t\t\t\t<div class=\"elementor-container elementor-column-gap-default\">\n\t\t\t\t\t<div class=\"elementor-column elementor-col-100 elementor-top-column elementor-element elementor-element-7270598\" data-id=\"7270598\" data-element_type=\"column\" data-e-type=\"column\">\n\t\t\t<div class=\"elementor-widget-wrap elementor-element-populated\">\n\t\t\t\t\t\t<div class=\"elementor-element elementor-element-e3ffb61 elementor-widget elementor-widget-spacer\" data-id=\"e3ffb61\" data-element_type=\"widget\" data-e-type=\"widget\" data-widget_type=\"spacer.default\">\n\t\t\t\t<div class=\"elementor-widget-container\">\n\t\t\t\t\t\t\t<div class=\"elementor-spacer\">\n\t\t\t<div class=\"elementor-spacer-inner\"><\/div>\n\t\t<\/div>\n\t\t\t\t\t\t<\/div>\n\t\t\t\t<\/div>\n\t\t\t\t<div class=\"elementor-element elementor-element-9ceccae elementor-widget elementor-widget-heading\" data-id=\"9ceccae\" data-element_type=\"widget\" data-e-type=\"widget\" data-widget_type=\"heading.default\">\n\t\t\t\t<div class=\"elementor-widget-container\">\n\t\t\t\t\t<h4 class=\"elementor-heading-title elementor-size-default\">Suivre la productivit\u00e9 de l'entreprise<\/h4>\t\t\t\t<\/div>\n\t\t\t\t<\/div>\n\t\t\t\t\t<\/div>\n\t\t<\/div>\n\t\t\t\t\t<\/div>\n\t\t<\/section>\n\t\t\t\t<section class=\"elementor-section elementor-top-section elementor-element elementor-element-dd4ca57 elementor-section-boxed elementor-section-height-default elementor-section-height-default\" data-id=\"dd4ca57\" data-element_type=\"section\" data-e-type=\"section\">\n\t\t\t\t\t\t<div class=\"elementor-container elementor-column-gap-default\">\n\t\t\t\t\t<div class=\"elementor-column elementor-col-50 elementor-top-column elementor-element elementor-element-3d46e95\" data-id=\"3d46e95\" data-element_type=\"column\" data-e-type=\"column\">\n\t\t\t<div class=\"elementor-widget-wrap elementor-element-populated\">\n\t\t\t\t\t\t\t<\/div>\n\t\t<\/div>\n\t\t\t\t<div class=\"elementor-column elementor-col-50 elementor-top-column elementor-element elementor-element-0ed30fd\" data-id=\"0ed30fd\" data-element_type=\"column\" data-e-type=\"column\">\n\t\t\t<div class=\"elementor-widget-wrap elementor-element-populated\">\n\t\t\t\t\t\t<div class=\"elementor-element elementor-element-e88a81a elementor-widget elementor-widget-image\" data-id=\"e88a81a\" data-element_type=\"widget\" data-e-type=\"widget\" data-widget_type=\"image.default\">\n\t\t\t\t<div class=\"elementor-widget-container\">\n\t\t\t\t\t\t\t\t\t\t\t\t\t\t\t<img decoding=\"async\" width=\"1024\" height=\"760\" src=\"https:\/\/itexpertbf.com\/wp-content\/uploads\/2022\/06\/augmente_productivite-1024x760.jpg\" class=\"attachment-large size-large wp-image-781\" alt=\"\" srcset=\"https:\/\/itexpertbf.com\/wp-content\/uploads\/2022\/06\/augmente_productivite-1024x760.jpg 1024w, https:\/\/itexpertbf.com\/wp-content\/uploads\/2022\/06\/augmente_productivite-300x223.jpg 300w, https:\/\/itexpertbf.com\/wp-content\/uploads\/2022\/06\/augmente_productivite-768x570.jpg 768w, https:\/\/itexpertbf.com\/wp-content\/uploads\/2022\/06\/augmente_productivite-1536x1140.jpg 1536w, https:\/\/itexpertbf.com\/wp-content\/uploads\/2022\/06\/augmente_productivite-920x683.jpg 920w, https:\/\/itexpertbf.com\/wp-content\/uploads\/2022\/06\/augmente_productivite-230x171.jpg 230w, https:\/\/itexpertbf.com\/wp-content\/uploads\/2022\/06\/augmente_productivite-350x260.jpg 350w, https:\/\/itexpertbf.com\/wp-content\/uploads\/2022\/06\/augmente_productivite-480x356.jpg 480w, https:\/\/itexpertbf.com\/wp-content\/uploads\/2022\/06\/augmente_productivite.jpg 1600w\" sizes=\"(max-width: 1024px) 100vw, 1024px\" \/>\t\t\t\t\t\t\t\t\t\t\t\t\t\t\t<\/div>\n\t\t\t\t<\/div>\n\t\t\t\t\t<\/div>\n\t\t<\/div>\n\t\t\t\t\t<\/div>\n\t\t<\/section>\n\t\t\t\t<section class=\"elementor-section elementor-top-section elementor-element elementor-element-ad56fff elementor-section-boxed elementor-section-height-default elementor-section-height-default\" data-id=\"ad56fff\" data-element_type=\"section\" data-e-type=\"section\">\n\t\t\t\t\t\t<div class=\"elementor-container elementor-column-gap-default\">\n\t\t\t\t\t<div class=\"elementor-column elementor-col-100 elementor-top-column elementor-element elementor-element-73c18c8\" data-id=\"73c18c8\" data-element_type=\"column\" data-e-type=\"column\">\n\t\t\t<div class=\"elementor-widget-wrap elementor-element-populated\">\n\t\t\t\t\t\t<div class=\"elementor-element elementor-element-8a71b3d elementor-widget elementor-widget-spacer\" data-id=\"8a71b3d\" data-element_type=\"widget\" data-e-type=\"widget\" data-widget_type=\"spacer.default\">\n\t\t\t\t<div class=\"elementor-widget-container\">\n\t\t\t\t\t\t\t<div class=\"elementor-spacer\">\n\t\t\t<div class=\"elementor-spacer-inner\"><\/div>\n\t\t<\/div>\n\t\t\t\t\t\t<\/div>\n\t\t\t\t<\/div>\n\t\t\t\t<div class=\"elementor-element elementor-element-f52dad4 elementor-widget elementor-widget-heading\" data-id=\"f52dad4\" data-element_type=\"widget\" data-e-type=\"widget\" data-widget_type=\"heading.default\">\n\t\t\t\t<div class=\"elementor-widget-container\">\n\t\t\t\t\t<h1 class=\"elementor-heading-title elementor-size-default\"><h4>Accessible sur toutes les plateformes et n'importe o\u00f9 dans le monde<\/h4><\/h1>\t\t\t\t<\/div>\n\t\t\t\t<\/div>\n\t\t\t\t\t<\/div>\n\t\t<\/div>\n\t\t\t\t\t<\/div>\n\t\t<\/section>\n\t\t\t\t<section class=\"elementor-section elementor-top-section elementor-element elementor-element-a08a7ed elementor-section-boxed elementor-section-height-default elementor-section-height-default\" data-id=\"a08a7ed\" data-element_type=\"section\" data-e-type=\"section\">\n\t\t\t\t\t\t<div class=\"elementor-container elementor-column-gap-default\">\n\t\t\t\t\t<div class=\"elementor-column elementor-col-50 elementor-top-column elementor-element elementor-element-d7130cb\" data-id=\"d7130cb\" data-element_type=\"column\" data-e-type=\"column\">\n\t\t\t<div class=\"elementor-widget-wrap elementor-element-populated\">\n\t\t\t\t\t\t<div class=\"elementor-element elementor-element-73110e4 elementor-widget elementor-widget-heading\" data-id=\"73110e4\" data-element_type=\"widget\" data-e-type=\"widget\" data-widget_type=\"heading.default\">\n\t\t\t\t<div class=\"elementor-widget-container\">\n\t\t\t\t\t<h4 class=\"elementor-heading-title elementor-size-default\"><br><br><br><br><br><br><br><br>Accessible sur toutes les plateformes<\/h4>\t\t\t\t<\/div>\n\t\t\t\t<\/div>\n\t\t\t\t\t<\/div>\n\t\t<\/div>\n\t\t\t\t<div class=\"elementor-column elementor-col-50 elementor-top-column elementor-element elementor-element-877b11e\" data-id=\"877b11e\" data-element_type=\"column\" data-e-type=\"column\">\n\t\t\t<div class=\"elementor-widget-wrap elementor-element-populated\">\n\t\t\t\t\t\t<div class=\"elementor-element elementor-element-60d8e16 elementor-widget elementor-widget-spacer\" data-id=\"60d8e16\" data-element_type=\"widget\" data-e-type=\"widget\" data-widget_type=\"spacer.default\">\n\t\t\t\t<div class=\"elementor-widget-container\">\n\t\t\t\t\t\t\t<div class=\"elementor-spacer\">\n\t\t\t<div class=\"elementor-spacer-inner\"><\/div>\n\t\t<\/div>\n\t\t\t\t\t\t<\/div>\n\t\t\t\t<\/div>\n\t\t\t\t<div class=\"elementor-element elementor-element-3277d16 elementor-widget elementor-widget-image\" data-id=\"3277d16\" data-element_type=\"widget\" data-e-type=\"widget\" data-widget_type=\"image.default\">\n\t\t\t\t<div class=\"elementor-widget-container\">\n\t\t\t\t\t\t\t\t\t\t\t\t\t\t\t<img loading=\"lazy\" decoding=\"async\" width=\"800\" height=\"500\" src=\"https:\/\/itexpertbf.com\/wp-content\/uploads\/2022\/06\/all_comp1.png\" class=\"attachment-large size-large wp-image-756\" alt=\"\" srcset=\"https:\/\/itexpertbf.com\/wp-content\/uploads\/2022\/06\/all_comp1.png 800w, https:\/\/itexpertbf.com\/wp-content\/uploads\/2022\/06\/all_comp1-300x188.png 300w, https:\/\/itexpertbf.com\/wp-content\/uploads\/2022\/06\/all_comp1-768x480.png 768w, https:\/\/itexpertbf.com\/wp-content\/uploads\/2022\/06\/all_comp1-230x144.png 230w, https:\/\/itexpertbf.com\/wp-content\/uploads\/2022\/06\/all_comp1-350x219.png 350w, https:\/\/itexpertbf.com\/wp-content\/uploads\/2022\/06\/all_comp1-480x300.png 480w\" sizes=\"(max-width: 800px) 100vw, 800px\" \/>\t\t\t\t\t\t\t\t\t\t\t\t\t\t\t<\/div>\n\t\t\t\t<\/div>\n\t\t\t\t\t<\/div>\n\t\t<\/div>\n\t\t\t\t\t<\/div>\n\t\t<\/section>\n\t\t\t\t<section class=\"elementor-section elementor-top-section elementor-element elementor-element-ac79167 elementor-section-boxed elementor-section-height-default elementor-section-height-default\" data-id=\"ac79167\" data-element_type=\"section\" data-e-type=\"section\">\n\t\t\t\t\t\t<div class=\"elementor-container elementor-column-gap-default\">\n\t\t\t\t\t<div class=\"elementor-column elementor-col-50 elementor-top-column elementor-element elementor-element-c226a49\" data-id=\"c226a49\" data-element_type=\"column\" data-e-type=\"column\">\n\t\t\t<div class=\"elementor-widget-wrap elementor-element-populated\">\n\t\t\t\t\t\t<div class=\"elementor-element elementor-element-c93343a elementor-widget elementor-widget-heading\" data-id=\"c93343a\" data-element_type=\"widget\" data-e-type=\"widget\" data-widget_type=\"heading.default\">\n\t\t\t\t<div class=\"elementor-widget-container\">\n\t\t\t\t\t<h4 class=\"elementor-heading-title elementor-size-default\"><br><br><br><br><br>O\u00f9 que vous soyez<\/h4>\t\t\t\t<\/div>\n\t\t\t\t<\/div>\n\t\t\t\t\t<\/div>\n\t\t<\/div>\n\t\t\t\t<div class=\"elementor-column elementor-col-50 elementor-top-column elementor-element elementor-element-a222519\" data-id=\"a222519\" data-element_type=\"column\" data-e-type=\"column\">\n\t\t\t<div class=\"elementor-widget-wrap elementor-element-populated\">\n\t\t\t\t\t\t<div class=\"elementor-element elementor-element-0114f9e elementor-widget elementor-widget-image\" data-id=\"0114f9e\" data-element_type=\"widget\" data-e-type=\"widget\" data-widget_type=\"image.default\">\n\t\t\t\t<div class=\"elementor-widget-container\">\n\t\t\t\t\t\t\t\t\t\t\t\t\t\t\t<img decoding=\"async\" src=\"https:\/\/itexpertbf.com\/wp-content\/uploads\/elementor\/thumbs\/localisation4-pqlbqt34bxqgommi9u26xhad508xgi08qdi1eh3wg0.png\" title=\"localisation4\" alt=\"localisation4\" loading=\"lazy\" \/>\t\t\t\t\t\t\t\t\t\t\t\t\t\t\t<\/div>\n\t\t\t\t<\/div>\n\t\t\t\t\t<\/div>\n\t\t<\/div>\n\t\t\t\t\t<\/div>\n\t\t<\/section>\n\t\t\t\t<section class=\"elementor-section elementor-top-section elementor-element elementor-element-7aebc17 elementor-section-boxed elementor-section-height-default elementor-section-height-default\" data-id=\"7aebc17\" data-element_type=\"section\" data-e-type=\"section\">\n\t\t\t\t\t\t<div class=\"elementor-container elementor-column-gap-default\">\n\t\t\t\t\t<div class=\"elementor-column elementor-col-100 elementor-top-column elementor-element elementor-element-2040f2d\" data-id=\"2040f2d\" data-element_type=\"column\" data-e-type=\"column\">\n\t\t\t<div class=\"elementor-widget-wrap elementor-element-populated\">\n\t\t\t\t\t\t<div class=\"elementor-element elementor-element-9bfeedc elementor-widget elementor-widget-spacer\" data-id=\"9bfeedc\" data-element_type=\"widget\" data-e-type=\"widget\" data-widget_type=\"spacer.default\">\n\t\t\t\t<div class=\"elementor-widget-container\">\n\t\t\t\t\t\t\t<div class=\"elementor-spacer\">\n\t\t\t<div class=\"elementor-spacer-inner\"><\/div>\n\t\t<\/div>\n\t\t\t\t\t\t<\/div>\n\t\t\t\t<\/div>\n\t\t\t\t<div class=\"elementor-element elementor-element-048779d elementor-widget elementor-widget-heading\" data-id=\"048779d\" data-element_type=\"widget\" data-e-type=\"widget\" data-widget_type=\"heading.default\">\n\t\t\t\t<div class=\"elementor-widget-container\">\n\t\t\t\t\t<h3 class=\"elementor-heading-title elementor-size-default\">Conclusion<\/h3>\t\t\t\t<\/div>\n\t\t\t\t<\/div>\n\t\t\t\t\t<\/div>\n\t\t<\/div>\n\t\t\t\t\t<\/div>\n\t\t<\/section>\n\t\t\t\t<section class=\"elementor-section elementor-top-section elementor-element elementor-element-444bfd4 elementor-section-boxed elementor-section-height-default elementor-section-height-default\" data-id=\"444bfd4\" data-element_type=\"section\" data-e-type=\"section\">\n\t\t\t\t\t\t<div class=\"elementor-container elementor-column-gap-default\">\n\t\t\t\t\t<div class=\"elementor-column elementor-col-100 elementor-top-column elementor-element elementor-element-62bf997\" data-id=\"62bf997\" data-element_type=\"column\" data-e-type=\"column\">\n\t\t\t<div class=\"elementor-widget-wrap elementor-element-populated\">\n\t\t\t\t\t\t<div class=\"elementor-element elementor-element-62ef626 elementor-widget elementor-widget-heading\" data-id=\"62ef626\" data-element_type=\"widget\" data-e-type=\"widget\" data-widget_type=\"heading.default\">\n\t\t\t\t<div class=\"elementor-widget-container\">\n\t\t\t\t\t<span class=\"elementor-heading-title elementor-size-medium\"><span>Avec IT EXPERT BF, faites passer votre entreprise \u00e0 un niveau superieur en optant pour la solution Power BI qui est un outil de Business Intelligence le plus adapt\u00e9 pour de meilleur r\u00e9sultats. La fluidit\u00e9 des donn\u00e9es et l\u2019accessibilit\u00e9 au tableau de bord par toute votre \u00e9quipe changent la donne en ce qui concerne la productivit\u00e9 et l\u2019aspect concurrentiel de votre organisation. Veuillez nous contacter pour plus d'informations.<\/span><\/span>\t\t\t\t<\/div>\n\t\t\t\t<\/div>\n\t\t\t\t\t<\/div>\n\t\t<\/div>\n\t\t\t\t\t<\/div>\n\t\t<\/section>\n\t\t\t\t<\/div>\n\t\t","protected":false},"excerpt":{"rendered":"<p>Probl\u00e9matique Dans un grand groupe comme en entreprise , les bases de donnees \u00e0 consulter peuvent contenir des centaines de milliers de [&hellip;]<\/p>\n","protected":false},"author":1,"featured_media":0,"parent":0,"menu_order":0,"comment_status":"closed","ping_status":"closed","template":"page-templates\/page_fullwidth.php","meta":{"footnotes":""},"class_list":["post-579","page","type-page","status-publish","hentry"],"_links":{"self":[{"href":"https:\/\/itexpertbf.com\/index.php\/wp-json\/wp\/v2\/pages\/579","targetHints":{"allow":["GET"]}}],"collection":[{"href":"https:\/\/itexpertbf.com\/index.php\/wp-json\/wp\/v2\/pages"}],"about":[{"href":"https:\/\/itexpertbf.com\/index.php\/wp-json\/wp\/v2\/types\/page"}],"author":[{"embeddable":true,"href":"https:\/\/itexpertbf.com\/index.php\/wp-json\/wp\/v2\/users\/1"}],"replies":[{"embeddable":true,"href":"https:\/\/itexpertbf.com\/index.php\/wp-json\/wp\/v2\/comments?post=579"}],"version-history":[{"count":118,"href":"https:\/\/itexpertbf.com\/index.php\/wp-json\/wp\/v2\/pages\/579\/revisions"}],"predecessor-version":[{"id":1154,"href":"https:\/\/itexpertbf.com\/index.php\/wp-json\/wp\/v2\/pages\/579\/revisions\/1154"}],"wp:attachment":[{"href":"https:\/\/itexpertbf.com\/index.php\/wp-json\/wp\/v2\/media?parent=579"}],"curies":[{"name":"wp","href":"https:\/\/api.w.org\/{rel}","templated":true}]}}