{"id":477,"date":"2021-06-02T18:55:01","date_gmt":"2021-06-02T18:55:01","guid":{"rendered":"https:\/\/itexpertbf.com\/?page_id=477"},"modified":"2022-06-23T10:46:12","modified_gmt":"2022-06-23T10:46:12","slug":"telematique","status":"publish","type":"page","link":"https:\/\/itexpertbf.com\/index.php\/telematique\/","title":{"rendered":"T\u00e9l\u00e9matique"},"content":{"rendered":"\t\t<div data-elementor-type=\"wp-page\" data-elementor-id=\"477\" class=\"elementor elementor-477\">\n\t\t\t\t\t\t<section class=\"elementor-section elementor-top-section elementor-element elementor-element-17f9ff4f elementor-section-boxed elementor-section-height-default elementor-section-height-default\" data-id=\"17f9ff4f\" data-element_type=\"section\" data-e-type=\"section\">\n\t\t\t\t\t\t<div class=\"elementor-container elementor-column-gap-default\">\n\t\t\t\t\t<div class=\"elementor-column elementor-col-100 elementor-top-column elementor-element elementor-element-a26eeb2\" data-id=\"a26eeb2\" data-element_type=\"column\" data-e-type=\"column\">\n\t\t\t<div class=\"elementor-widget-wrap elementor-element-populated\">\n\t\t\t\t\t\t<div class=\"elementor-element elementor-element-ce16146 elementor-widget-divider--view-line elementor-widget elementor-widget-divider\" data-id=\"ce16146\" data-element_type=\"widget\" data-e-type=\"widget\" data-widget_type=\"divider.default\">\n\t\t\t\t<div class=\"elementor-widget-container\">\n\t\t\t\t\t\t\t<div class=\"elementor-divider\">\n\t\t\t<span class=\"elementor-divider-separator\">\n\t\t\t\t\t\t<\/span>\n\t\t<\/div>\n\t\t\t\t\t\t<\/div>\n\t\t\t\t<\/div>\n\t\t\t\t\t<\/div>\n\t\t<\/div>\n\t\t\t\t\t<\/div>\n\t\t<\/section>\n\t\t\t\t<section class=\"elementor-section elementor-top-section elementor-element elementor-element-a259f9d elementor-section-boxed elementor-section-height-default elementor-section-height-default\" data-id=\"a259f9d\" data-element_type=\"section\" data-e-type=\"section\">\n\t\t\t\t\t\t<div class=\"elementor-container elementor-column-gap-default\">\n\t\t\t\t\t<div class=\"elementor-column elementor-col-100 elementor-top-column elementor-element elementor-element-94e7c2e\" data-id=\"94e7c2e\" data-element_type=\"column\" data-e-type=\"column\">\n\t\t\t<div class=\"elementor-widget-wrap elementor-element-populated\">\n\t\t\t\t\t\t<div class=\"elementor-element elementor-element-3d21523 elementor-widget elementor-widget-image\" data-id=\"3d21523\" data-element_type=\"widget\" data-e-type=\"widget\" data-widget_type=\"image.default\">\n\t\t\t\t<div class=\"elementor-widget-container\">\n\t\t\t\t\t\t\t\t\t\t\t\t\t\t\t<img fetchpriority=\"high\" decoding=\"async\" width=\"550\" height=\"321\" src=\"https:\/\/itexpertbf.com\/wp-content\/uploads\/2022\/06\/localisation-voiture.jpeg\" class=\"attachment-large size-large wp-image-1217\" alt=\"\" srcset=\"https:\/\/itexpertbf.com\/wp-content\/uploads\/2022\/06\/localisation-voiture.jpeg 550w, https:\/\/itexpertbf.com\/wp-content\/uploads\/2022\/06\/localisation-voiture-300x175.jpeg 300w, https:\/\/itexpertbf.com\/wp-content\/uploads\/2022\/06\/localisation-voiture-230x134.jpeg 230w, https:\/\/itexpertbf.com\/wp-content\/uploads\/2022\/06\/localisation-voiture-350x204.jpeg 350w, https:\/\/itexpertbf.com\/wp-content\/uploads\/2022\/06\/localisation-voiture-480x280.jpeg 480w\" sizes=\"(max-width: 550px) 100vw, 550px\" \/>\t\t\t\t\t\t\t\t\t\t\t\t\t\t\t<\/div>\n\t\t\t\t<\/div>\n\t\t\t\t\t<\/div>\n\t\t<\/div>\n\t\t\t\t\t<\/div>\n\t\t<\/section>\n\t\t\t\t<section class=\"elementor-section elementor-top-section elementor-element elementor-element-5e3f1ba elementor-section-boxed elementor-section-height-default elementor-section-height-default\" data-id=\"5e3f1ba\" data-element_type=\"section\" data-e-type=\"section\">\n\t\t\t\t\t\t<div class=\"elementor-container elementor-column-gap-default\">\n\t\t\t\t\t<div class=\"elementor-column elementor-col-50 elementor-top-column elementor-element elementor-element-ce308c0\" data-id=\"ce308c0\" data-element_type=\"column\" data-e-type=\"column\">\n\t\t\t<div class=\"elementor-widget-wrap elementor-element-populated\">\n\t\t\t\t\t\t<div class=\"elementor-element elementor-element-6db8ddf elementor-widget elementor-widget-heading\" data-id=\"6db8ddf\" data-element_type=\"widget\" data-e-type=\"widget\" data-widget_type=\"heading.default\">\n\t\t\t\t<div class=\"elementor-widget-container\">\n\t\t\t\t\t<span class=\"elementor-heading-title elementor-size-medium\"> La t\u00e9l\u00e9matique est un outil qui permet de suivre les voitures, les poids lourds, les \u00e9quipements et autres actifs en utilisant la technologie GPS et les syst\u00e8mes de diagnostic embarqu\u00e9s (OBD) pour tracer leurs mouvements sur une carte informatis\u00e9e. \u00c9galement connue sous le nom de suivi de flotte ou de suivi de v\u00e9hicule par GPS, la t\u00e9l\u00e9matique est d\u00e9sormais un outil de gestion essentiel pour de nombreuses flottes commerciales et publiques. <\/br><br>\nImaginez un ordinateur tr\u00e8s intelligent dans votre v\u00e9hicule, capable de vous donner toutes les informations d\u2019utilisation, de la vitesse au ralenti, en passant par la consommation de carburant, la faible pression des pneus, etc. Ces informations peuvent permettre de r\u00e9duire les co\u00fbts d\u2019entretien en surveillant mieux les v\u00e9hicules ou d\u2019am\u00e9liorer le rendement \u00e9nerg\u00e9tique en connaissant mieux les habitudes de conduite. Tout cela d\u00e9crit l\u2019univers de la t\u00e9l\u00e9matique, \u00e9galement connu sous le nom de suivi de flotte par GPS.\n<br><br>\nAvec l\u2019\u00e9volution de la technologie, la t\u00e9l\u00e9matique est pass\u00e9e d\u2019un syst\u00e8me ferm\u00e9 \u00e0 une plateforme ouverte. Gr\u00e2ce \u00e0 la t\u00e9l\u00e9matique \u00e0 plateforme ouverte, les entreprises peuvent int\u00e9grer d\u2019autres types d\u2019accessoires mat\u00e9riels, de logiciels et d\u2019applications mobiles pour une plus grande efficacit\u00e9 et un meilleur aper\u00e7u des op\u00e9rations commerciales.<\/span>\t\t\t\t<\/div>\n\t\t\t\t<\/div>\n\t\t\t\t\t<\/div>\n\t\t<\/div>\n\t\t\t\t<div class=\"elementor-column elementor-col-50 elementor-top-column elementor-element elementor-element-7228ca2\" data-id=\"7228ca2\" data-element_type=\"column\" data-e-type=\"column\">\n\t\t\t<div class=\"elementor-widget-wrap elementor-element-populated\">\n\t\t\t\t\t\t<div class=\"elementor-element elementor-element-c691496 elementor-widget elementor-widget-image\" data-id=\"c691496\" data-element_type=\"widget\" data-e-type=\"widget\" data-widget_type=\"image.default\">\n\t\t\t\t<div class=\"elementor-widget-container\">\n\t\t\t\t\t\t\t\t\t\t\t\t\t\t\t<img decoding=\"async\" width=\"600\" height=\"651\" src=\"https:\/\/itexpertbf.com\/wp-content\/uploads\/2022\/06\/geolocalisation.jpeg\" class=\"attachment-large size-large wp-image-1110\" alt=\"\" srcset=\"https:\/\/itexpertbf.com\/wp-content\/uploads\/2022\/06\/geolocalisation.jpeg 600w, https:\/\/itexpertbf.com\/wp-content\/uploads\/2022\/06\/geolocalisation-276x300.jpeg 276w, https:\/\/itexpertbf.com\/wp-content\/uploads\/2022\/06\/geolocalisation-230x250.jpeg 230w, https:\/\/itexpertbf.com\/wp-content\/uploads\/2022\/06\/geolocalisation-350x380.jpeg 350w, https:\/\/itexpertbf.com\/wp-content\/uploads\/2022\/06\/geolocalisation-480x521.jpeg 480w\" sizes=\"(max-width: 600px) 100vw, 600px\" \/>\t\t\t\t\t\t\t\t\t\t\t\t\t\t\t<\/div>\n\t\t\t\t<\/div>\n\t\t\t\t\t<\/div>\n\t\t<\/div>\n\t\t\t\t\t<\/div>\n\t\t<\/section>\n\t\t\t\t<\/div>\n\t\t","protected":false},"excerpt":{"rendered":"<p>La t\u00e9l\u00e9matique est un outil qui permet de suivre les voitures, les poids lourds, les \u00e9quipements et autres actifs en utilisant la [&hellip;]<\/p>\n","protected":false},"author":1,"featured_media":0,"parent":0,"menu_order":0,"comment_status":"closed","ping_status":"closed","template":"page-templates\/page_fullwidth.php","meta":{"footnotes":""},"class_list":["post-477","page","type-page","status-publish","hentry"],"_links":{"self":[{"href":"https:\/\/itexpertbf.com\/index.php\/wp-json\/wp\/v2\/pages\/477","targetHints":{"allow":["GET"]}}],"collection":[{"href":"https:\/\/itexpertbf.com\/index.php\/wp-json\/wp\/v2\/pages"}],"about":[{"href":"https:\/\/itexpertbf.com\/index.php\/wp-json\/wp\/v2\/types\/page"}],"author":[{"embeddable":true,"href":"https:\/\/itexpertbf.com\/index.php\/wp-json\/wp\/v2\/users\/1"}],"replies":[{"embeddable":true,"href":"https:\/\/itexpertbf.com\/index.php\/wp-json\/wp\/v2\/comments?post=477"}],"version-history":[{"count":40,"href":"https:\/\/itexpertbf.com\/index.php\/wp-json\/wp\/v2\/pages\/477\/revisions"}],"predecessor-version":[{"id":1220,"href":"https:\/\/itexpertbf.com\/index.php\/wp-json\/wp\/v2\/pages\/477\/revisions\/1220"}],"wp:attachment":[{"href":"https:\/\/itexpertbf.com\/index.php\/wp-json\/wp\/v2\/media?parent=477"}],"curies":[{"name":"wp","href":"https:\/\/api.w.org\/{rel}","templated":true}]}}